{"id":2049,"date":"2024-04-21T22:39:16","date_gmt":"2024-04-22T02:39:16","guid":{"rendered":"https:\/\/alexmendozalaw.com\/abogado\/?page_id=2049"},"modified":"2025-11-03T04:07:29","modified_gmt":"2025-11-03T09:07:29","slug":"inicio","status":"publish","type":"page","link":"https:\/\/alexmendozalaw.com\/abogado\/","title":{"rendered":"Inicio"},"content":{"rendered":"\n\n\t\t\t\t\t\t\t\t\t<img decoding=\"async\" src=\"https:\/\/alexmendozalaw.com\/wp-content\/uploads\/2024\/02\/Sep-M.png.png\" alt=\"Sep-M.png\" itemprop=\"image\" height=\"44\" width=\"130\" title=\"Sep-M.png\" onerror=\"this.style.display='none'\"  \/>\n\t\t\tUn grupo de profesionales legales experimentados que luchan por tus derechos\n\t\t<h2>\n\t\t\tSin Cargo a Menos que Gane\n\t\t<\/h2>\n\t\t\t\t\t\t\t<picture><source srcset=\"https:\/\/alexmendozalaw.com\/abogado\/wp-content\/uploads\/sites\/2\/2024\/04\/Money_Bag_Emoji_large.webp \"  type=\"image\/webp\"><img src=\"https:\/\/alexmendozalaw.com\/abogado\/wp-content\/uploads\/sites\/2\/2024\/04\/Money_Bag_Emoji_large.png\" class=\" sp-no-webp\" alt=\"Sin Cargo a Menos que Gane\" decoding=\"async\"  > <\/picture>\n\t\t\t<p>S\u00e9 fuerte con el bufete de Alex Mendoza Law &#8211; En donde tu lucha por la justicia se toma como algo personal. Dedicados a defender a los agraviados, nos aseguramos de que escuchen tu voz y se restablezcan tus derechos.<\/p>\t\t\n\t\t\t<a href=\"https:\/\/bit.ly\/alexmendozalawonlinebooking\" title=\"Click Here\" target=\"_blank\" rel=\"noopener\"  role=\"button\" aria-label=\"\u00bfCu\u00e1nto vale su caso?\">\n\t\t\t\t\t\t\t\t<img decoding=\"async\" src=\"https:\/\/alexmendozalaw.com\/wp-content\/uploads\/2024\/04\/Money_Bag_Emoji_large.png\"\/>\n\t\t\t\t\t\t\t\t\u00bfCu\u00e1nto vale su caso?\n\t\t<\/a>\n\t\t\t\t\t\t\t\t\t<picture><source srcset=\"https:\/\/alexmendozalaw.com\/abogado\/wp-content\/uploads\/sites\/2\/2024\/03\/alexmendozainjure-1.webp 929w,https:\/\/alexmendozalaw.com\/abogado\/wp-content\/uploads\/sites\/2\/2024\/03\/alexmendozainjure-1-245x300.webp 245w,https:\/\/alexmendozalaw.com\/abogado\/wp-content\/uploads\/sites\/2\/2024\/03\/alexmendozainjure-1-835x1024.webp 835w,https:\/\/alexmendozalaw.com\/abogado\/wp-content\/uploads\/sites\/2\/2024\/03\/alexmendozainjure-1-768x942.webp 768w\" sizes=\"(max-width: 929px) 100vw, 929px\" type=\"image\/webp\"><img src=\"https:\/\/alexmendozalaw.com\/abogado\/wp-content\/uploads\/sites\/2\/2024\/03\/alexmendozainjure-1.png\" height=\"1139\" width=\"929\" srcset=\"https:\/\/alexmendozalaw.com\/abogado\/wp-content\/uploads\/sites\/2\/2024\/03\/alexmendozainjure-1.png 929w, https:\/\/alexmendozalaw.com\/abogado\/wp-content\/uploads\/sites\/2\/2024\/03\/alexmendozainjure-1-245x300.png 245w, https:\/\/alexmendozalaw.com\/abogado\/wp-content\/uploads\/sites\/2\/2024\/03\/alexmendozainjure-1-835x1024.png 835w, https:\/\/alexmendozalaw.com\/abogado\/wp-content\/uploads\/sites\/2\/2024\/03\/alexmendozainjure-1-768x942.png 768w\" sizes=\"(max-width: 929px) 100vw, 929px\" class=\" sp-no-webp\" alt=\"alexmendozainjure-1\" decoding=\"async\" itemprop=\"image\" title=\"alexmendozainjure-1\" onerror=\"this.style.display=&#039;none&#039;\"  > <\/picture>\n\t\t\t<a href=\"https:\/\/bit.ly\/alexmendozalawonlinebooking\" target=\"_blank\">\n\t\t\t\t\t\t<h3>Lesiones Personales<\/h3>\t\t\t\t\t\n\t\t<\/a>\n\t\t\t<a href=\"https:\/\/bit.ly\/alexmendozalawonlinebooking\" target=\"_blank\">\n\t\t\t\t\t\t<h3>Defensa Penal<\/h3>\t\t\t\t\t\n\t\t<\/a>\n\t\t\t<a href=\"https:\/\/bit.ly\/alexmendozalawonlinebooking\" target=\"_blank\">\n\t\t\t\t\t\t<h3>Tr\u00e1fico \/ Multas<\/h3>\t\t\t\t\t\n\t\t<\/a>\n\t\t\t\t\t\t\t\t\t<img decoding=\"async\" src=\"https:\/\/alexmendozalaw.com\/abogado\/wp-content\/uploads\/sites\/2\/bb-plugin\/cache\/Attorney-Meeting-portrait.jpeg\" alt=\"Attorney-Meeting\" itemprop=\"image\" height=\"1280\" width=\"1920\" title=\"Attorney-Meeting\" onerror=\"this.style.display='none'\"  \/>\n\t<h2><!--\n\t-->Luchando por <!--\t--><!--\n\t-->\n\t<\/h2>\n\t\t\t\t\t\t\t\t\t<picture><source srcset=\"https:\/\/alexmendozalaw.com\/abogado\/wp-content\/uploads\/sites\/2\/2024\/03\/Sep-M.png.webp \"  type=\"image\/webp\"><img src=\"https:\/\/alexmendozalaw.com\/abogado\/wp-content\/uploads\/sites\/2\/2024\/03\/Sep-M.png.png\" height=\"44\" width=\"130\" class=\" sp-no-webp\" alt=\"Sep-M.png\" decoding=\"async\" itemprop=\"image\" title=\"Sep-M.png\" onerror=\"this.style.display=&#039;none&#039;\"  > <\/picture>\n\t<p>Cuando el equilibrio de la vida se ve afectado por la negligencia de otra persona, Alex Mendoza Law est\u00e1 aqu\u00ed para ayudarle. Conocemos el peso de la lucha cuando las grandes compa\u00f1\u00edas de seguros intentan minimizar su dolor, sugiriendo que sus lesiones son insignificantes o, peor a\u00fan, fabricadas. Tales acusaciones hieren profundamente, desafiando su verdad e integridad. Es m\u00e1s que un insulto; es un desprecio hacia su experiencia y sufrimiento. Y para nosotros, eso lo tomamos personal.<\/p>\n<p>Defendemos la causa de los agraviados: las almas trabajadoras injustamente lanzadas a batallas que nunca eligieron. Si ha sido perjudicado por negligencia, no solo somos sus abogados; somos sus mejores aliados, luchando incansablemente para inclinar la balanza a su favor. Con Alex Mendoza Law, recupera m\u00e1s que solo su posici\u00f3n; reclama su voz. Perm\u00edtanos ser su fuerza en la b\u00fasqueda de la justicia que merece leg\u00edtimamente.<\/p>\n\t<ul>\n\t\t<li>\t\t\n\t\t\t\t<img decoding=\"async\" src=\"https:\/\/alexmendozalaw.com\/abogado\/wp-content\/uploads\/sites\/2\/bb-plugin\/cache\/2023-04-17-circle-circle.jpg\" alt=\"2023-04-17-circle\" title=\"2023-04-17-circle\" itemprop=\"image\"\/>\n\t\t<h3>Abogado<\/h3><p>Alex Mendoza<\/p><\/li>\t<\/ul>\n\t\t\t<a href=\"\/abogado\/revision-gratuita-de-casos\/\" target=\"_self\">\n\t\t\t\t\t\t\t<picture><source srcset=\"https:\/\/alexmendozalaw.com\/abogado\/wp-content\/uploads\/sites\/2\/2024\/04\/Money_Bag_Emoji_large.webp \"  type=\"image\/webp\"><img src=\"https:\/\/alexmendozalaw.com\/abogado\/wp-content\/uploads\/sites\/2\/2024\/04\/Money_Bag_Emoji_large.png\" height=\"480\" width=\"366\" class=\" sp-no-webp\" alt=\"Money_Bag_Emoji_large\" decoding=\"async\"  > <\/picture>\n\t\t\t\t\t\t<h3>Revisi\u00f3n de caso GRATUITA<\/h3>\t\t\t\t\t\n\t\t\t\t\t<p>Empezar<\/p>\t\t\t\t\n\t\t<\/a>\n\t\t\t<a href=\"https:\/\/alexmendozalaw.com\/abogado\/quienes-somos\/\" target=\"_self\">\n\t\t\t\t\t\t<h3> Tasa de \u00e9xito del 99% en casos<\/h3>\t\t\t\t\t\n\t\t<\/a>\n\t\t\t<a href=\"https:\/\/alexmendozalaw.com\/abogado\/quienes-somos\/\" target=\"_self\">\n\t\t\t\t\t\t<h3>M\u00e1s de 2,000+ clientes confiados<\/h3>\t\t\t\t\t\n\t\t<\/a>\n\t<p>Potenciando su recuperaci\u00f3n<\/p>\n<h1>\n\t\t\tServicios Legales en Alex Mendoza Law\t<\/h1>\n\t<p>\u00bfAlguna vez te has sentido abrumado y solo, luchando contra gigantes que se niegan a reconocer tu sufrimiento? En Alex Mendoza Law, entendemos el profundo impacto personal de que las compa\u00f1\u00edas de seguros le digan que sus lesiones &#8220;no son tan graves&#8221; o, lo que es a\u00fan m\u00e1s desalentador, que le acusen de exageraci\u00f3n. Para nosotros, su caso no es s\u00f3lo un expediente en nuestro escritorio; encarna tu vida, tu sufrimiento y tu narrativa. Comprometidos a defender los derechos de aquellos perjudicados por negligencia, nos comprometemos no s\u00f3lo a restaurar el equilibrio sino tambi\u00e9n a luchar con determinaci\u00f3n inquebrantable por la justicia que ustedes merecen.<\/p>\n\t\t\t<a href=\"\/abogado\/lesiones-personales\/\" target=\"_self\">\n\t\t\t\t\t\t\t<img decoding=\"async\" src=\"https:\/\/alexmendozalaw.com\/wp-content\/uploads\/2024\/02\/Injury-icon.png\" alt=\"\" \/>\n\t\t\t\t\t\t<h3>Ley de Lesiones<\/h3>\t\t\t\t\t\n\t\t\t<p>Ya sea que haya sido lesionado por negligencia o actos intencionales, nuestros abogados poseen la experiencia para defender su caso.<\/p>\t\t\n\t\t<\/a>\n\t\t\t<a href=\"\/abogado\/accidente-de-autos\/\" target=\"_self\">\n\t\t\t\t\t\t\t<img decoding=\"async\" src=\"https:\/\/alexmendozalaw.com\/wp-content\/uploads\/2024\/02\/car-accident-icon.png\" alt=\"\" \/>\n\t\t\t\t\t\t<h3>Accidentes Automovil\u00edsticos<\/h3>\t\t\t\t\t\n\t\t\t<p>Nuestro equipo capacitado ofrece apoyo incansable y perspicacia legal despu\u00e9s de accidentes, asegurando que su voz sea escuchada.<\/p>\t\t\n\t\t<\/a>\n\t\t\t\t\t\t\t<img decoding=\"async\" src=\"https:\/\/alexmendozalaw.com\/wp-content\/uploads\/2024\/02\/Motorcycle-Accidentsicon.png\" alt=\"\" \/>\n\t\t\t\t\t\t<h3>Accidentes de Motocicleta<\/h3>\t\t\t\t\t\n\t\t\t<p>Al comprender los riesgos \u00fanicos que enfrentan los motociclistas, luchamos por la justicia y la protecci\u00f3n que usted merece.<\/p>\t\t\n\t\t\t<a href=\"\/abogado\/lesiones-por-accidentes-de-bicicleta\/\" target=\"_self\">\n\t\t\t\t\t\t\t<img decoding=\"async\" src=\"https:\/\/alexmendozalaw.com\/wp-content\/uploads\/2024\/02\/Bicycle-Accidents-icon.png\" alt=\"\" \/>\n\t\t\t\t\t\t<h3>Accidentes de Bicicletas<\/h3>\t\t\t\t\t\n\t\t\t<p>Representaci\u00f3n capacitada para ciclistas, abogando por la seguridad y los derechos contra la negligencia.<\/p>\n\t\t<\/a>\n\t\t\t<a href=\"\/abogado\/resbalones-y-caidas\/\" target=\"_self\">\n\t\t\t\t\t\t\t<img decoding=\"async\" src=\"https:\/\/alexmendozalaw.com\/wp-content\/uploads\/2024\/02\/Slip-and-Falls-icon.png\" alt=\"\" \/>\n\t\t\t\t\t\t<h3>Resbalones y Ca\u00eddas<\/h3>\t\t\t\t\t\n\t\t\t<p>Con experiencia en responsabilizar a los propietarios, luchamos por la compensaci\u00f3n que se le debe.<\/p>\t\t\n\t\t<\/a>\n\t\t\t\t\t\t\t<img decoding=\"async\" src=\"https:\/\/alexmendozalaw.com\/wp-content\/uploads\/2024\/02\/Workmans-Compensation-icon.png\" alt=\"\" \/>\n\t\t\t\t\t\t<h3>Compensaci\u00f3n Laboral<\/h3>\t\t\t\t\t\n\t\t\t<p>Navegue por las complejidades de las lesiones laborales con nuestra orientaci\u00f3n experimentada, con el objetivo de obtener una compensaci\u00f3n justa.<\/p>\t\t\n<h2>\n\t\t\tNuestro compromiso contigo en Alex Mendoza Law\t<\/h2>\n\t<p>Luchamos para hacerlos pagar por tus da\u00f1os y p\u00e9rdidas<\/p>\n\t\t\t\t\t\t\t\t\t<picture><source srcset=\"https:\/\/alexmendozalaw.com\/abogado\/wp-content\/uploads\/sites\/2\/2024\/03\/Sep-M.png.webp \"  type=\"image\/webp\"><img src=\"https:\/\/alexmendozalaw.com\/abogado\/wp-content\/uploads\/sites\/2\/2024\/03\/Sep-M.png.png\" height=\"44\" width=\"130\" class=\" sp-no-webp\" alt=\"Sep-M.png\" decoding=\"async\" itemprop=\"image\" title=\"Sep-M.png\" onerror=\"this.style.display=&#039;none&#039;\"  > <\/picture>\n\t\t<h2>\n\t\t\tInvestigaci\u00f3n\n\t\t<\/h2>\n\t\t\t<p>En Alex Mendoza Law, nuestros abogados siempre est\u00e1n buscando maneras de obtener una ventaja sobre la competencia. De hecho, cuando no estamos en la oficina trabajando duro en su caso, estamos asistiendo a las principales conferencias de abogados demandantes en el pa\u00eds; O estamos estudiando la investigaci\u00f3n de personas capacitadas en el campo para aprender la psicolog\u00eda detr\u00e1s de lo que motiva a los jurados a hacer lo correcto por los demandantes. En resumen, significa que entramos en cada caso de lesiones personales con un plan de juego que funciona. As\u00ed pues, hablemos de su caso y pong\u00e1monos en contacto con usted hoy mismo.<\/p>\n\t\t<h2>\n\t\t\tDefensor\u00eda\n\t\t<\/h2>\n\t\t\t<p>Aunque somos feroces, apasionados y decididos, se necesita mucho m\u00e1s que eso para ganar su caso. Los abogados de las compa\u00f1\u00edas de seguros son predecibles y tenemos un plan de juego que funciona.<\/p>\n\t\t<h2>\n\t\t\tResponsabilidad\n\t\t<\/h2>\n\t\t\t<p>Si hemos tomado su caso, es porque est\u00e1 accidentado y realmente herido, f\u00edsica y emocionalmente. Por lo tanto, cuando haya sufrido un accidente permanente debido a la negligencia de otra persona, le haremos pagar. En pocas palabras, no nos rendiremos hasta que obtengamos un acuerdo justo o vayamos a juicio.<\/p>\n\t\t<h2>\n\t\t\tAsesoramiento Jur\u00eddico\n\t\t<\/h2>\n\t\t\t<p> Si usted o alg\u00fan ser querido es v\u00edctima de da\u00f1os personales, abuso sexual o acoso en el trabajo, la escuela o en cualquier lugar, podemos ayudarlo. No tenga miedo de presentarse. Nuestra misi\u00f3n es responsabilizar a los perpetradores de sus malas acciones y hacer que paguen por lo que han hecho para que no vuelva a ocurrir.<\/p>\n\t\t<h2>\n\t\t\tCuidado\n\t\t<\/h2>\n\t\t\t<p>En el bufete de Alex Mendoza, valoramos a nuestros clientes. En otras palabras, creemos que la vida es sagrada. Creemos que su salud es invaluable y, a veces, irreversible. Mientras la compa\u00f1\u00eda de seguros puede verle como una persona codiciosa que se aprovecha del sistema, nosotros sabemos que eso no es verdad.<\/p>\n\t\t<h2>\n\t\t\tConvicci\u00f3n\n\t\t<\/h2>\n\t\t\tSi tomamos su caso, es porque est\u00e1 accidentado y creemos en usted. La propaganda de las compa\u00f1\u00edas de seguros ha convencido al p\u00fablico de que nuestra gente es deshonesta y se aprovecha del sistema. Nada podr\u00eda estar m\u00e1s lejos de la verdad. De hecho, las compa\u00f1\u00edas de seguros son deshonestas y enga\u00f1osas. Las expondremos.<br \/>\nEn el bufete de Alex Mendoza, nuestros abogados siempre buscan maneras de obtener una ventaja sobre la competencia. Ya sea en la oficina o en el tribunal, estamos trabajando duro en su caso.\n<h2>\n\t\t\tPFs\t<\/h2>\n\t<p>Tiene preguntas? \u00a1Estamos respondiendo a sus preguntas frecuentes aqu\u00ed!<\/p>\n\t\t\t\t\t\t\t\t\t<img decoding=\"async\" src=\"https:\/\/alexmendozalaw.com\/wp-content\/uploads\/2024\/02\/Sep-M.png.png\" alt=\"Sep-M.png\" itemprop=\"image\" height=\"44\" width=\"130\" title=\"Sep-M.png\" onerror=\"this.style.display='none'\"  \/>\n\t\t\t\t\t\t\t\t\t\t\u00bfPor qu\u00e9 necesito un abogado?\n\t\t\t\t\t<p>En Alex Mendoza Law, valoramos a nuestros clientes. En otras palabras, creemos que la vida es sagrada. Creemos que su salud es invaluable y, a veces, irreversible. Y creemos que usted merece un equipo legal feroz, apasionado y decidido. Si bien la compa\u00f1\u00eda de seguros puede verlo como una persona codiciosa que se aprovecha del sistema, sabemos que eso no es cierto.<\/p>\n\t\t\t\t\t\t\t\t\t\tAccidentes de Autos\n\t\t\t\t\t<p>En Alex Mendoza Law, nuestros abogados siempre est\u00e1n buscando maneras de obtener una ventaja sobre la competencia. De hecho, cuando no estamos en la oficina trabajando duro en su caso, estamos asistiendo a las principales conferencias de abogados demandantes en el pa\u00eds; O estamos estudiando la investigaci\u00f3n de expertos en el campo para aprender la psicolog\u00eda detr\u00e1s de lo que motiva a los jurados a hacer lo correcto por los demandantes. En resumen, significa que entramos en cada caso de lesiones personales con un plan de juego que funciona. As\u00ed pues, hablemos de su caso y pong\u00e1monos en contacto con usted hoy mismo.<\/p>\n\t\t\t\t\t\t\t\t\t\t\u00bfQui\u00e9nes son nuestros clientes?\n\t\t\t\t\t<p>No representamos a simuladores, farsantes o llorones. Si hemos tomado su caso, es porque est\u00e1 lesionado y realmente herido, f\u00edsica y emocionalmente. Entonces, cuando haya resultado lesionado permanentemente debido a la negligencia de otra persona, haremos que paguen. Por esta raz\u00f3n, no daremos marcha atr\u00e1s hasta que hayamos conseguido un acuerdo justo o vayamos a juicio. S\u00ed, nuestro trabajo es conseguirte dinero. Pero, no se trata solo del dinero. Se trata de hacerles pagar por lo que han hecho. Se trata de hacerlos responsables y defender las leyes que mantienen segura a nuestra comunidad. De hecho, de eso se trata la justicia. Recuerde, nos apasiona lo que hacemos y somos buenos en eso. As\u00ed que considere trabajar con nosotros y ll\u00e1menos al <strong><a href=\"tel:+12192002000\">(219) 200-2000<\/a><\/strong>.<\/p>\n\n","protected":false},"excerpt":{"rendered":"<p>Un grupo de profesionales legales experimentados que luchan por tus derechos Sin Cargo a Menos que Gane S\u00e9 fuerte con el bufete de Alex Mendoza Law &#8211; En donde tu lucha por la justicia se toma como algo personal. Dedicados a defender a los agraviados, nos aseguramos de que escuchen tu voz y se restablezcan&hellip;<\/p>\n","protected":false},"author":12,"featured_media":2025,"parent":0,"menu_order":0,"comment_status":"closed","ping_status":"closed","template":"","meta":{"footnotes":""},"class_list":["post-2049","page","type-page","status-publish","has-post-thumbnail","hentry"],"yoast_head":"<!-- This site is optimized with the Yoast SEO plugin v27.3 - https:\/\/yoast.com\/product\/yoast-seo-wordpress\/ -->\n<title>Bufete de Alex Mendoza | Abogados de Lesiones Personales en Indian\u00e1polis, IN<\/title>\n<meta name=\"description\" content=\"En la firma de Alex Mendoza hay abogados profesionales certificados en lesiones personales y defensa criminal en Indian\u00e1polis, IN. Nuestros abogados trabajan casos de lesiones personales de manera exclusiva y contamos con oficinas en Indiana e Illinois.\" \/>\n<meta name=\"robots\" content=\"index, follow, max-snippet:-1, max-image-preview:large, max-video-preview:-1\" \/>\n<link rel=\"canonical\" href=\"https:\/\/alexmendozalaw.com\/abogado\/\" \/>\n<meta property=\"og:locale\" content=\"en_US\" \/>\n<meta property=\"og:type\" content=\"article\" \/>\n<meta property=\"og:title\" content=\"Bufete de Alex Mendoza | Abogados de Lesiones Personales en Indian\u00e1polis, IN\" \/>\n<meta property=\"og:description\" content=\"En la firma de Alex Mendoza hay abogados profesionales certificados en lesiones personales y defensa criminal en Indian\u00e1polis, IN. Nuestros abogados trabajan casos de lesiones personales de manera exclusiva y contamos con oficinas en Indiana e Illinois.\" \/>\n<meta property=\"og:url\" content=\"https:\/\/alexmendozalaw.com\/abogado\/\" \/>\n<meta property=\"og:site_name\" content=\"Alex Mendoza Spanish\" \/>\n<meta property=\"article:publisher\" content=\"https:\/\/www.facebook.com\/AlexMendozaAttorney\/\" \/>\n<meta property=\"article:modified_time\" content=\"2025-11-03T09:07:29+00:00\" \/>\n<meta property=\"og:image\" content=\"https:\/\/alexmendozalaw.com\/abogado\/wp-content\/uploads\/sites\/2\/2024\/04\/dark-logo-alex-mendoza.png\" \/>\n\t<meta property=\"og:image:width\" content=\"745\" \/>\n\t<meta property=\"og:image:height\" content=\"188\" \/>\n\t<meta property=\"og:image:type\" content=\"image\/png\" \/>\n<meta name=\"twitter:card\" content=\"summary_large_image\" \/>\n<meta name=\"twitter:label1\" content=\"Est. reading time\" \/>\n\t<meta name=\"twitter:data1\" content=\"11 minutes\" \/>\n<script type=\"application\/ld+json\" class=\"yoast-schema-graph\">{\"@context\":\"https:\\\/\\\/schema.org\",\"@graph\":[{\"@type\":\"WebPage\",\"@id\":\"https:\\\/\\\/alexmendozalaw.com\\\/abogado\\\/\",\"url\":\"https:\\\/\\\/alexmendozalaw.com\\\/abogado\\\/\",\"name\":\"Bufete de Alex Mendoza | Abogados de Lesiones Personales en Indian\u00e1polis, IN\",\"isPartOf\":{\"@id\":\"https:\\\/\\\/alexmendozalaw.com\\\/abogado\\\/#website\"},\"primaryImageOfPage\":{\"@id\":\"https:\\\/\\\/alexmendozalaw.com\\\/abogado\\\/#primaryimage\"},\"image\":{\"@id\":\"https:\\\/\\\/alexmendozalaw.com\\\/abogado\\\/#primaryimage\"},\"thumbnailUrl\":\"https:\\\/\\\/alexmendozalaw.com\\\/abogado\\\/wp-content\\\/uploads\\\/sites\\\/2\\\/2024\\\/04\\\/dark-logo-alex-mendoza.png\",\"datePublished\":\"2024-04-22T02:39:16+00:00\",\"dateModified\":\"2025-11-03T09:07:29+00:00\",\"description\":\"En la firma de Alex Mendoza hay abogados profesionales certificados en lesiones personales y defensa criminal en Indian\u00e1polis, IN. Nuestros abogados trabajan casos de lesiones personales de manera exclusiva y contamos con oficinas en Indiana e Illinois.\",\"breadcrumb\":{\"@id\":\"https:\\\/\\\/alexmendozalaw.com\\\/abogado\\\/#breadcrumb\"},\"inLanguage\":\"en-US\",\"potentialAction\":[{\"@type\":\"ReadAction\",\"target\":[\"https:\\\/\\\/alexmendozalaw.com\\\/abogado\\\/\"]}]},{\"@type\":\"ImageObject\",\"inLanguage\":\"en-US\",\"@id\":\"https:\\\/\\\/alexmendozalaw.com\\\/abogado\\\/#primaryimage\",\"url\":\"https:\\\/\\\/alexmendozalaw.com\\\/abogado\\\/wp-content\\\/uploads\\\/sites\\\/2\\\/2024\\\/04\\\/dark-logo-alex-mendoza.png\",\"contentUrl\":\"https:\\\/\\\/alexmendozalaw.com\\\/abogado\\\/wp-content\\\/uploads\\\/sites\\\/2\\\/2024\\\/04\\\/dark-logo-alex-mendoza.png\",\"width\":745,\"height\":188,\"caption\":\"Alex-Mendoza Law Logo\"},{\"@type\":\"BreadcrumbList\",\"@id\":\"https:\\\/\\\/alexmendozalaw.com\\\/abogado\\\/#breadcrumb\",\"itemListElement\":[{\"@type\":\"ListItem\",\"position\":1,\"name\":\"Home\",\"item\":\"https:\\\/\\\/alexmendozalaw.com\\\/abogado\\\/\"},{\"@type\":\"ListItem\",\"position\":2,\"name\":\"Inicio\"}]},{\"@type\":\"WebSite\",\"@id\":\"https:\\\/\\\/alexmendozalaw.com\\\/abogado\\\/#website\",\"url\":\"https:\\\/\\\/alexmendozalaw.com\\\/abogado\\\/\",\"name\":\"Alex Mendoza Spanish\",\"description\":\"\",\"potentialAction\":[{\"@type\":\"SearchAction\",\"target\":{\"@type\":\"EntryPoint\",\"urlTemplate\":\"https:\\\/\\\/alexmendozalaw.com\\\/abogado\\\/?s={search_term_string}\"},\"query-input\":{\"@type\":\"PropertyValueSpecification\",\"valueRequired\":true,\"valueName\":\"search_term_string\"}}],\"inLanguage\":\"en-US\"}]}<\/script>\n<!-- \/ Yoast SEO plugin. -->","yoast_head_json":{"title":"Bufete de Alex Mendoza | Abogados de Lesiones Personales en Indian\u00e1polis, IN","description":"En la firma de Alex Mendoza hay abogados profesionales certificados en lesiones personales y defensa criminal en Indian\u00e1polis, IN. Nuestros abogados trabajan casos de lesiones personales de manera exclusiva y contamos con oficinas en Indiana e Illinois.","robots":{"index":"index","follow":"follow","max-snippet":"max-snippet:-1","max-image-preview":"max-image-preview:large","max-video-preview":"max-video-preview:-1"},"canonical":"https:\/\/alexmendozalaw.com\/abogado\/","og_locale":"en_US","og_type":"article","og_title":"Bufete de Alex Mendoza | Abogados de Lesiones Personales en Indian\u00e1polis, IN","og_description":"En la firma de Alex Mendoza hay abogados profesionales certificados en lesiones personales y defensa criminal en Indian\u00e1polis, IN. Nuestros abogados trabajan casos de lesiones personales de manera exclusiva y contamos con oficinas en Indiana e Illinois.","og_url":"https:\/\/alexmendozalaw.com\/abogado\/","og_site_name":"Alex Mendoza Spanish","article_publisher":"https:\/\/www.facebook.com\/AlexMendozaAttorney\/","article_modified_time":"2025-11-03T09:07:29+00:00","og_image":[{"width":745,"height":188,"url":"https:\/\/alexmendozalaw.com\/abogado\/wp-content\/uploads\/sites\/2\/2024\/04\/dark-logo-alex-mendoza.png","type":"image\/png"}],"twitter_card":"summary_large_image","twitter_misc":{"Est. reading time":"11 minutes"},"schema":{"@context":"https:\/\/schema.org","@graph":[{"@type":"WebPage","@id":"https:\/\/alexmendozalaw.com\/abogado\/","url":"https:\/\/alexmendozalaw.com\/abogado\/","name":"Bufete de Alex Mendoza | Abogados de Lesiones Personales en Indian\u00e1polis, IN","isPartOf":{"@id":"https:\/\/alexmendozalaw.com\/abogado\/#website"},"primaryImageOfPage":{"@id":"https:\/\/alexmendozalaw.com\/abogado\/#primaryimage"},"image":{"@id":"https:\/\/alexmendozalaw.com\/abogado\/#primaryimage"},"thumbnailUrl":"https:\/\/alexmendozalaw.com\/abogado\/wp-content\/uploads\/sites\/2\/2024\/04\/dark-logo-alex-mendoza.png","datePublished":"2024-04-22T02:39:16+00:00","dateModified":"2025-11-03T09:07:29+00:00","description":"En la firma de Alex Mendoza hay abogados profesionales certificados en lesiones personales y defensa criminal en Indian\u00e1polis, IN. Nuestros abogados trabajan casos de lesiones personales de manera exclusiva y contamos con oficinas en Indiana e Illinois.","breadcrumb":{"@id":"https:\/\/alexmendozalaw.com\/abogado\/#breadcrumb"},"inLanguage":"en-US","potentialAction":[{"@type":"ReadAction","target":["https:\/\/alexmendozalaw.com\/abogado\/"]}]},{"@type":"ImageObject","inLanguage":"en-US","@id":"https:\/\/alexmendozalaw.com\/abogado\/#primaryimage","url":"https:\/\/alexmendozalaw.com\/abogado\/wp-content\/uploads\/sites\/2\/2024\/04\/dark-logo-alex-mendoza.png","contentUrl":"https:\/\/alexmendozalaw.com\/abogado\/wp-content\/uploads\/sites\/2\/2024\/04\/dark-logo-alex-mendoza.png","width":745,"height":188,"caption":"Alex-Mendoza Law Logo"},{"@type":"BreadcrumbList","@id":"https:\/\/alexmendozalaw.com\/abogado\/#breadcrumb","itemListElement":[{"@type":"ListItem","position":1,"name":"Home","item":"https:\/\/alexmendozalaw.com\/abogado\/"},{"@type":"ListItem","position":2,"name":"Inicio"}]},{"@type":"WebSite","@id":"https:\/\/alexmendozalaw.com\/abogado\/#website","url":"https:\/\/alexmendozalaw.com\/abogado\/","name":"Alex Mendoza Spanish","description":"","potentialAction":[{"@type":"SearchAction","target":{"@type":"EntryPoint","urlTemplate":"https:\/\/alexmendozalaw.com\/abogado\/?s={search_term_string}"},"query-input":{"@type":"PropertyValueSpecification","valueRequired":true,"valueName":"search_term_string"}}],"inLanguage":"en-US"}]}},"_links":{"self":[{"href":"https:\/\/alexmendozalaw.com\/abogado\/wp-json\/wp\/v2\/pages\/2049","targetHints":{"allow":["GET"]}}],"collection":[{"href":"https:\/\/alexmendozalaw.com\/abogado\/wp-json\/wp\/v2\/pages"}],"about":[{"href":"https:\/\/alexmendozalaw.com\/abogado\/wp-json\/wp\/v2\/types\/page"}],"author":[{"embeddable":true,"href":"https:\/\/alexmendozalaw.com\/abogado\/wp-json\/wp\/v2\/users\/12"}],"replies":[{"embeddable":true,"href":"https:\/\/alexmendozalaw.com\/abogado\/wp-json\/wp\/v2\/comments?post=2049"}],"version-history":[{"count":10,"href":"https:\/\/alexmendozalaw.com\/abogado\/wp-json\/wp\/v2\/pages\/2049\/revisions"}],"predecessor-version":[{"id":2287,"href":"https:\/\/alexmendozalaw.com\/abogado\/wp-json\/wp\/v2\/pages\/2049\/revisions\/2287"}],"wp:featuredmedia":[{"embeddable":true,"href":"https:\/\/alexmendozalaw.com\/abogado\/wp-json\/wp\/v2\/media\/2025"}],"wp:attachment":[{"href":"https:\/\/alexmendozalaw.com\/abogado\/wp-json\/wp\/v2\/media?parent=2049"}],"curies":[{"name":"wp","href":"https:\/\/api.w.org\/{rel}","templated":true}]}}