{"id":1542,"date":"2024-03-24T04:51:53","date_gmt":"2024-03-24T04:51:53","guid":{"rendered":"https:\/\/alexmendozalaw.com\/abogado\/?page_id=1542"},"modified":"2025-12-24T01:05:26","modified_gmt":"2025-12-24T06:05:26","slug":"abogados-penalistas","status":"publish","type":"page","link":"https:\/\/alexmendozalaw.com\/abogado\/abogados-penalistas\/","title":{"rendered":"Abogados Penalistas"},"content":{"rendered":"\r\n<p>Alex Mendoza Law<\/p>\r\n<h1>Defensa Criminal Indianapolis, IN<\/h1>\r\n<p>Alex Mendoza Law ayuda a personas acusadas de un delito. Las acusaciones criminales afectan a muchas personas inocentes, incluso a quienes no cometieron el crimen. Todos son inocentes hasta que se demuestre su culpabilidad m\u00e1s all\u00e1 de una duda razonable. Ese es un est\u00e1ndar muy alto, y nuestro trabajo es demostrar que el fiscal no puede alcanzar ese est\u00e1ndar. Nuestra firma entiende que su libertad es preciada para usted y sus seres queridos. Alex Mendoza Law se compromete a construir el caso m\u00e1s s\u00f3lido posible para nuestros clientes. Si usted o un ser querido han sido acusados de un delito, no dude en llamar al\u00a0<strong><a href=\"tel:+12192002000\">(219) 200-2000<\/a><\/strong> o escribirnos a <strong><a href=\"mailto:info@alexmendozalaw.com\">info@alexmendozalaw.com<\/a><\/strong> para una CONSULTA GRATUITA.<\/p>\r\n<p><a role=\"button\" href=\"https:\/\/bit.ly\/alexmendozalawonlinebooking\" target=\"_blank\" rel=\"noopener\" aria-label=\"\u00bfCu\u00e1nto vale su caso?\"> \u00bfCu\u00e1nto vale su caso? <\/a> DEFENSA CRIMINAL<\/p>\r\n<h2>Conseguir un Abogado<\/h2>\r\n<form id=\"gform_1\" action=\"https:\/\/alexmendozalaw.com\/abogado\/abogados-penalistas\/?fl_builder&amp;fl_builder_ui_iframe#gf_1\" enctype=\"multipart\/form-data\" method=\"post\" novalidate=\"\" target=\"gform_ajax_frame_1\" data-formid=\"1\"><label class=\"gfield_label gform-field-label\" for=\"input_1_1\">Name(Required)<\/label><input id=\"input_1_1\" class=\"large\" tabindex=\"100\" name=\"input_1\" type=\"text\" value=\"\" placeholder=\"Nombre*\" aria-required=\"true\" aria-invalid=\"false\" \/><label class=\"gfield_label gform-field-label\" for=\"input_1_6\">Phone(Required)<\/label><input id=\"input_1_6\" class=\"large\" tabindex=\"101\" name=\"input_6\" type=\"tel\" value=\"\" placeholder=\"Tel\u00e9fono*\" aria-required=\"true\" aria-invalid=\"false\" \/><label class=\"gfield_label gform-field-label\" for=\"input_1_4\">Email(Required)<\/label> <input id=\"input_1_4\" class=\"large\" tabindex=\"102\" name=\"input_4\" type=\"email\" value=\"\" placeholder=\"Correo electr\u00f3nico*\" aria-required=\"true\" aria-invalid=\"false\" \/> <label class=\"gfield_label gform-field-label\" for=\"input_1_5\">Message(Required)<\/label><textarea id=\"input_1_5\" class=\"textarea small\" tabindex=\"103\" cols=\"50\" name=\"input_5\" rows=\"10\" placeholder=\"Mensaje*\" aria-required=\"true\" aria-invalid=\"false\"><\/textarea><fieldset id=\"field_1_8\"><legend class=\"gfield_label gform-field-label gfield_label_before_complex\">Consent(Required)<\/legend><input id=\"input_1_8_1\" tabindex=\"104\" name=\"input_8.1\" type=\"checkbox\" value=\"1\" aria-required=\"true\" aria-invalid=\"false\" \/> <label for=\"input_1_8_1\">Al marcar esta casilla, acepto recibir mensajes de texto de Alex Mendoza Law en este n\u00famero de tel\u00e9fono m\u00f3vil.(Required)<\/label><input class=\"gform_hidden\" name=\"input_8.2\" type=\"hidden\" value=\"Al marcar esta casilla, acepto recibir mensajes de texto de Alex Mendoza Law en este n\u00famero de tel\u00e9fono m\u00f3vil.\" \/><input class=\"gform_hidden\" name=\"input_8.3\" type=\"hidden\" value=\"3\" \/><\/fieldset><label class=\"gfield_label gform-field-label\" for=\"input_1_7\">CAPTCHA<\/label> <input id=\"gform_submit_button_1\" class=\"gform_button button\" tabindex=\"105\" type=\"submit\" value=\"Entregar\" data-submission-type=\"submit\" \/> <input name=\"gform_ajax\" type=\"hidden\" value=\"form_id=1&amp;title=&amp;description=&amp;tabindex=100&amp;theme=gravity-theme&amp;styles=[]&amp;hash=17c5149e0a6d9b0b96ca17d0de4c0b79\" \/> <input class=\"gform_hidden\" name=\"gform_submission_method\" type=\"hidden\" value=\"iframe\" data-js=\"gform_submission_method_1\" \/> <input id=\"gform_theme_1\" class=\"gform_hidden\" name=\"gform_theme\" type=\"hidden\" value=\"gravity-theme\" data-js=\"gform_theme_1\" \/> <input id=\"gform_style_settings_1\" class=\"gform_hidden\" name=\"gform_style_settings\" type=\"hidden\" value=\"[]\" data-js=\"gform_style_settings_1\" \/> <input class=\"gform_hidden\" name=\"is_submit_1\" type=\"hidden\" value=\"1\" \/> <input class=\"gform_hidden\" name=\"gform_submit\" type=\"hidden\" value=\"1\" \/> <input class=\"gform_hidden\" name=\"gform_unique_id\" type=\"hidden\" value=\"\" \/> <input class=\"gform_hidden\" name=\"state_1\" type=\"hidden\" value=\"WyJ7XCI4LjFcIjpcIjJiMjhkZTZlNDA0MmI4M2RkZDA2OWE1ODEzOGQ2MDM2XCIsXCI4LjJcIjpcIjhiNzIyZThmNzVhYWY4ZTUzNzIxMDE4YWU0OWQ1Mjk2XCIsXCI4LjNcIjpcImQ0OTdiOGZiYzdiOWVmZjRhMmQxNDIzMTJiYWYzMjhlXCJ9IiwiMmEyYTAzMWQzMGY5NDU0MzhhMDY5Yzc2Mzg4OTdjM2EiXQ==\" \/> <input id=\"gform_target_page_number_1\" class=\"gform_hidden\" autocomplete=\"off\" name=\"gform_target_page_number_1\" type=\"hidden\" value=\"0\" \/> <input id=\"gform_source_page_number_1\" class=\"gform_hidden\" autocomplete=\"off\" name=\"gform_source_page_number_1\" type=\"hidden\" value=\"1\" \/> <input name=\"gform_field_values\" type=\"hidden\" value=\"\" \/><\/form>\r\n<p><iframe id=\"gform_ajax_frame_1\" style=\"display: none; width: 0px; height: 0px;\" title=\"This iframe contains the logic required to handle Ajax powered Gravity Forms.\" src=\"about:blank\" name=\"gform_ajax_frame_1\"><\/iframe> <picture><source srcset=\"https:\/\/alexmendozalaw.com\/abogado\/wp-content\/uploads\/sites\/2\/bb-plugin\/cache\/ticket_fullsize-scaled-square.webp \"  type=\"image\/webp\"><img src=\"https:\/\/alexmendozalaw.com\/abogado\/wp-content\/uploads\/sites\/2\/bb-plugin\/cache\/ticket_fullsize-scaled-square.webp\" height=\"1707\" width=\"2560\" class=\" sp-no-webp\" alt=\"ticket_fullsize\" decoding=\"async\" title=\"ticket_fullsize\"  > <\/picture><\/p>\r\n<h2>Ofensas de Tr\u00e1fico \/ Multas<\/h2>\r\n<p><img decoding=\"async\" title=\"Sep-M.png\" src=\"https:\/\/alexmendozalaw.com\/wp-content\/uploads\/2024\/02\/Sep-M.png.png\" alt=\"Sep-M.png\" width=\"130\" height=\"44\" \/><\/p>\r\n<p>Si ha sido acusado de una infracci\u00f3n de tr\u00e1fico, debe tomarlo muy en serio. Algunas infracciones de tr\u00e1fico, como conducir sin licencia y conducir con una licencia suspendida, se consideran delitos. Adem\u00e1s, si acumula condenas por infracciones de tr\u00e1fico, puede ser acusado de ser un Violador de Tr\u00e1fico Habitual (HTV por sus siglas en ingl\u00e9s) o Delincuente de Tr\u00e1fico Habitual (HTO por sus siglas en ingl\u00e9s), lo que podr\u00eda llevar a la suspensi\u00f3n de su licencia durante 10 a\u00f1os.<\/p>\r\n<h2>Otras Acusaciones u Ofensas Criminales<\/h2>\r\n<p>Alex Mendoza Law maneja una variedad de casos penales, desde delitos menores hasta felon\u00edas. Si ha sido acusado de un delito, por favor, p\u00f3ngase en contacto con el abogado penalista Alex Mendoza antes de hablar con la polic\u00eda\/autoridades. Recuerde, siempre tiene derecho a hablar con un abogado. No dude en llamar al <strong><a href=\"tel:+12192002000\">(219) 200-2000<\/a><\/strong> o escribirnos a <strong><a href=\"mailto:info@alexmendozalaw.com\">info@alexmendozalaw.com<\/a><\/strong> para una CONSULTA GRATUITA.<\/p>\r\n<h2>Por Qu\u00e9 Necesita Un Abogado Experimentado en Defensa Criminal<\/h2>\r\n<p>Cuando se enfrenta a las graves consecuencias de posibles sanciones o encarcelamiento, contar con los servicios de un abogado de defensa criminal con experiencia se vuelve imperativo. Cada caso penal es \u00fanico, y un abogado h\u00e1bil puede identificar de manera precisa argumentos convincentes y factores que podr\u00edan llevar a la absoluci\u00f3n de los cargos relacionados con el supuesto delito.<\/p>\r\n<p><a role=\"button\" href=\"https:\/\/bit.ly\/alexmendozalawonlinebooking\" target=\"_blank\" rel=\"noopener\" aria-label=\"Contacta con nosotros\"> Contacta con nosotros <\/a> <picture><source srcset=\"https:\/\/alexmendozalaw.com\/abogado\/wp-content\/uploads\/sites\/2\/2024\/03\/criminal-defense-attorney.webp 1200w,https:\/\/alexmendozalaw.com\/abogado\/wp-content\/uploads\/sites\/2\/2024\/03\/criminal-defense-attorney-300x200.webp 300w,https:\/\/alexmendozalaw.com\/abogado\/wp-content\/uploads\/sites\/2\/2024\/03\/criminal-defense-attorney-1024x683.webp 1024w,https:\/\/alexmendozalaw.com\/abogado\/wp-content\/uploads\/sites\/2\/2024\/03\/criminal-defense-attorney-768x512.webp 768w\" sizes=\"(max-width: 1200px) 100vw, 1200px\" type=\"image\/webp\"><img src=\"https:\/\/alexmendozalaw.com\/abogado\/wp-content\/uploads\/sites\/2\/2024\/03\/criminal-defense-attorney.jpg\" height=\"800\" width=\"1200\" srcset=\"https:\/\/alexmendozalaw.com\/abogado\/wp-content\/uploads\/sites\/2\/2024\/03\/criminal-defense-attorney.jpg 1200w, https:\/\/alexmendozalaw.com\/abogado\/wp-content\/uploads\/sites\/2\/2024\/03\/criminal-defense-attorney-300x200.jpg 300w, https:\/\/alexmendozalaw.com\/abogado\/wp-content\/uploads\/sites\/2\/2024\/03\/criminal-defense-attorney-1024x683.jpg 1024w, https:\/\/alexmendozalaw.com\/abogado\/wp-content\/uploads\/sites\/2\/2024\/03\/criminal-defense-attorney-768x512.jpg 768w\" sizes=\"(max-width: 1200px) 100vw, 1200px\" class=\" sp-no-webp\" alt=\"criminal-defense-attorney\" decoding=\"async\" title=\"criminal-defense-attorney\"  > <\/picture><\/p>\r\n<h2>Luchemos juntos<\/h2>\r\n<p><a href=\"https:\/\/bit.ly\/alexmendozalawonlinebooking\" target=\"_blank\" rel=\"noopener\"> <img decoding=\"async\" src=\"https:\/\/alexmendozalaw.com\/wp-content\/uploads\/2024\/03\/Cert-Top-Rated.png\" alt=\"\" \/><\/a><\/p>\r\n<h3>Los m\u00e1s valorados<\/h3>\r\n<p><a href=\"https:\/\/bit.ly\/alexmendozalawonlinebooking\" target=\"_blank\" rel=\"noopener\"> <img decoding=\"async\" src=\"https:\/\/alexmendozalaw.com\/wp-content\/uploads\/2024\/02\/civil-right-1.png\" alt=\"\" \/><\/a><\/p>\r\n<h3>Garant\u00eda de \u00e9xito del caso<\/h3>\r\n<p><a href=\"https:\/\/bit.ly\/alexmendozalawonlinebooking\" target=\"_blank\" rel=\"noopener\"> <img decoding=\"async\" src=\"https:\/\/alexmendozalaw.com\/wp-content\/uploads\/2024\/03\/rely.png\" alt=\"\" \/><\/a><\/p>\r\n<h3>Confianza del cliente<\/h3>\r\n<p><img decoding=\"async\" title=\"what-to-look-for-in-criminal-defense-lawyer\" src=\"https:\/\/alexmendozalaw.com\/abogado\/wp-content\/uploads\/sites\/2\/bb-plugin\/cache\/what-to-look-for-in-criminal-defense-lawyer-square.jpg\" alt=\"what-to-look-for-in-criminal-defense-lawyer\" width=\"900\" height=\"600\" \/><\/p>\r\n<h2>El Papel de un Abogado de Defensa Criminal en la Obtenci\u00f3n de &#8220;Acuerdos&#8221; o &#8220;Negociaciones&#8221;<\/h2>\r\n<p><img decoding=\"async\" src=\"https:\/\/alexmendozalaw.com\/wp-content\/uploads\/2024\/02\/Sep-M.png.png\" alt=\"\" \/><\/p>\r\n<p>Un h\u00e1bil abogado de defensa criminal puede tener un impacto significativo en la sentencia a trav\u00e9s de la negociaci\u00f3n de &#8220;acuerdos&#8221; o &#8220;negociaciones&#8221; con la parte acusadora. Tales gestiones pueden resultar no solo en sentencias reducidas, sino en algunos casos, incluso en la eliminaci\u00f3n completa de ciertos cargos. Si resulta declarado culpable, un abogado con amplia experiencia puede abogar por un menor tiempo de prisi\u00f3n o la participaci\u00f3n en un programa de rehabilitaci\u00f3n, con el prop\u00f3sito de evitar futuras implicaciones en el sistema de justicia penal. Durante las consultas sobre su caso, un abogado de defensa criminal puede brindar asesoramiento t\u00e9cnico sobre la mejor estrategia para reducir tu condena, a veces sugiriendo que admitir la culpabilidad puede resultar en una sentencia m\u00e1s corta.<\/p>\r\n<h2>Apoyo Emocional Proporcionado por su Abogado de Defensa Criminal<\/h2>\r\n<p>Aunque un abogado de defensa criminal no es un terapeuta, puede proporcionar valiosa ayuda para ayudarte a lidiar con la agitaci\u00f3n emocional que a menudo se asocia con los juicios penales. Al explicar las realidades del sistema legal y prepararlo para posibles desaf\u00edos durante el juicio, pueden aliviar parte de las cargas emocionales. Con su profundo conocimiento del proceso legal, su abogado tambi\u00e9n puede guiarte a trav\u00e9s de las reglas judiciales, regulaciones y los intrincados caminos del sistema. Adem\u00e1s, su comprensi\u00f3n de las &#8220;reglas no escritas&#8221; puede desempe\u00f1ar un papel crucial en la obtenci\u00f3n de una sentencia reducida.<\/p>\r\n<p><a role=\"button\" href=\"https:\/\/bit.ly\/alexmendozalawonlinebooking\" target=\"_blank\" rel=\"noopener\" aria-label=\"Contacta con nosotros\"> Contacta con nosotros <\/a> <picture><source srcset=\"https:\/\/alexmendozalaw.com\/abogado\/wp-content\/uploads\/sites\/2\/2024\/03\/what-does-criminal-defense-attorney-do-scaled-1.webp 2560w,https:\/\/alexmendozalaw.com\/abogado\/wp-content\/uploads\/sites\/2\/2024\/03\/what-does-criminal-defense-attorney-do-scaled-1-300x200.webp 300w,https:\/\/alexmendozalaw.com\/abogado\/wp-content\/uploads\/sites\/2\/2024\/03\/what-does-criminal-defense-attorney-do-scaled-1-1024x683.webp 1024w,https:\/\/alexmendozalaw.com\/abogado\/wp-content\/uploads\/sites\/2\/2024\/03\/what-does-criminal-defense-attorney-do-scaled-1-768x512.webp 768w,https:\/\/alexmendozalaw.com\/abogado\/wp-content\/uploads\/sites\/2\/2024\/03\/what-does-criminal-defense-attorney-do-scaled-1-1536x1024.webp 1536w,https:\/\/alexmendozalaw.com\/abogado\/wp-content\/uploads\/sites\/2\/2024\/03\/what-does-criminal-defense-attorney-do-scaled-1-2048x1366.webp 2048w\" sizes=\"(max-width: 2560px) 100vw, 2560px\" type=\"image\/webp\"><img src=\"https:\/\/alexmendozalaw.com\/abogado\/wp-content\/uploads\/sites\/2\/2024\/03\/what-does-criminal-defense-attorney-do-scaled-1.jpeg\" height=\"1707\" width=\"2560\" srcset=\"https:\/\/alexmendozalaw.com\/abogado\/wp-content\/uploads\/sites\/2\/2024\/03\/what-does-criminal-defense-attorney-do-scaled-1.jpeg 2560w, https:\/\/alexmendozalaw.com\/abogado\/wp-content\/uploads\/sites\/2\/2024\/03\/what-does-criminal-defense-attorney-do-scaled-1-300x200.jpeg 300w, https:\/\/alexmendozalaw.com\/abogado\/wp-content\/uploads\/sites\/2\/2024\/03\/what-does-criminal-defense-attorney-do-scaled-1-1024x683.jpeg 1024w, https:\/\/alexmendozalaw.com\/abogado\/wp-content\/uploads\/sites\/2\/2024\/03\/what-does-criminal-defense-attorney-do-scaled-1-768x512.jpeg 768w, https:\/\/alexmendozalaw.com\/abogado\/wp-content\/uploads\/sites\/2\/2024\/03\/what-does-criminal-defense-attorney-do-scaled-1-1536x1024.jpeg 1536w, https:\/\/alexmendozalaw.com\/abogado\/wp-content\/uploads\/sites\/2\/2024\/03\/what-does-criminal-defense-attorney-do-scaled-1-2048x1366.jpeg 2048w\" sizes=\"(max-width: 2560px) 100vw, 2560px\" class=\" sp-no-webp\" alt=\"what-does-criminal-defense-attorney-do-scaled\" decoding=\"async\" title=\"what-does-criminal-defense-attorney-do-scaled\"  > <\/picture> <img decoding=\"async\" title=\"Sep-M.png\" src=\"https:\/\/alexmendozalaw.com\/wp-content\/uploads\/2024\/02\/Sep-M.png.png\" alt=\"Sep-M.png\" width=\"130\" height=\"44\" \/><\/p>\r\n<h2>Act\u00fae con Rapidez: Consulte a un Abogado de Defensa Criminal Hoy<\/h2>\r\n<p>Si enfrenta cargos penales y la posibilidad de tiempo en prisi\u00f3n, buscar el consejo de un abogado de defensa criminal debe ser su m\u00e1xima prioridad. Es crucial actuar r\u00e1pidamente en tales situaciones. Le instamos a ponerse en contacto con Alex Mendoza Law hoy mismo para una consulta gratuita para proteger sus derechos y explorar la mejor estrategia de defensa posible.<\/p>\r\n<p><a role=\"button\" href=\"https:\/\/bit.ly\/alexmendozalawonlinebooking\" target=\"_blank\" rel=\"noopener\" aria-label=\"Programar ahora\"> Programar ahora <\/a><\/p>\r\n<h2>Servicios Relacionados<\/h2>\r\n<p><a href=\"\/abogado\/lesiones-personales\/\" target=\"_self\" aria-label=\"Ley de Lesiones\"> <img decoding=\"async\" src=\"https:\/\/alexmendozalaw.com\/wp-content\/uploads\/2024\/02\/Injury-icon.png\" alt=\"\" \/> <\/a><\/p>\r\n<h3>Ley de Lesiones<\/h3>\r\n<p>Ya sea que haya sido lesionado por negligencia o actos intencionales, nuestros abogados poseen la experiencia para defender su caso.<\/p>\r\n<p><a role=\"button\" href=\"\/abogado\/lesiones-personales\/\" target=\"_self\"> Aprende m\u00e1s <\/a> <a href=\"\/abogado\/accidente-de-autos\/\" target=\"_self\" aria-label=\"Accidentes Automovil\u00edsticos\"> <img decoding=\"async\" src=\"https:\/\/alexmendozalaw.com\/wp-content\/uploads\/2024\/02\/car-accident-icon.png\" alt=\"\" \/> <\/a><\/p>\r\n<h3>Accidentes Automovil\u00edsticos<\/h3>\r\n<p>Nuestro equipo capacitado ofrece apoyo incansable y perspicacia legal despu\u00e9s de accidentes, asegurando que su voz sea escuchada.<\/p>\r\n<p><a role=\"button\" href=\"\/abogado\/accidente-de-autos\/\" target=\"_self\"> Aprende m\u00e1s <\/a> <a href=\"\/abogado\/acusacionescriminales\/\" target=\"_self\" aria-label=\"Acusaciones Criminales\"> <img decoding=\"async\" src=\"https:\/\/alexmendozalaw.com\/wp-content\/uploads\/2024\/03\/Criminal-mis.png\" alt=\"\" \/> <\/a><\/p>\r\n<h3>Acusaciones Criminales<\/h3>\r\n<p>Alex Mendoza Law est\u00e1 comprometido a construir el caso m\u00e1s s\u00f3lido posible para nuestros clientes. Si usted o un ser querido ha sido acusado de un delito.<\/p>\r\n<p><a role=\"button\" href=\"\/abogado\/acusacionescriminales\/\" target=\"_self\"> Aprende m\u00e1s <\/a><\/p>\r\n","protected":false},"excerpt":{"rendered":"<p>Alex Mendoza Law Defensa Criminal Indianapolis, IN Alex Mendoza Law ayuda a personas acusadas de un delito. Las acusaciones criminales afectan a muchas personas inocentes, incluso a quienes no cometieron el crimen. Todos son inocentes hasta que se demuestre su culpabilidad m\u00e1s all\u00e1 de una duda razonable. Ese es un est\u00e1ndar muy alto, y nuestro&hellip;<\/p>\n","protected":false},"author":12,"featured_media":2025,"parent":0,"menu_order":0,"comment_status":"closed","ping_status":"closed","template":"","meta":{"footnotes":""},"class_list":["post-1542","page","type-page","status-publish","has-post-thumbnail","hentry"],"yoast_head":"<!-- This site is optimized with the Yoast SEO plugin v27.3 - https:\/\/yoast.com\/product\/yoast-seo-wordpress\/ -->\n<title>Defensa Criminal | Abogado de Defensa Criminal<\/title>\n<meta name=\"description\" content=\"Si tienes cargos penales y tienes la posibilidad de ir a prisi\u00f3n. Contacta a Alex Mendza Law hoy para obtener una consulta gratuita y proteger tus derechos.\" \/>\n<meta name=\"robots\" content=\"index, follow, max-snippet:-1, max-image-preview:large, max-video-preview:-1\" \/>\n<link rel=\"canonical\" href=\"https:\/\/alexmendozalaw.com\/abogado\/abogados-penalistas\/\" \/>\n<meta property=\"og:locale\" content=\"en_US\" \/>\n<meta property=\"og:type\" content=\"article\" \/>\n<meta property=\"og:title\" content=\"Defensa Criminal | Abogado de Defensa Criminal\" \/>\n<meta property=\"og:description\" content=\"Si tienes cargos penales y tienes la posibilidad de ir a prisi\u00f3n. Contacta a Alex Mendza Law hoy para obtener una consulta gratuita y proteger tus derechos.\" \/>\n<meta property=\"og:url\" content=\"https:\/\/alexmendozalaw.com\/abogado\/abogados-penalistas\/\" \/>\n<meta property=\"og:site_name\" content=\"Alex Mendoza Spanish\" \/>\n<meta property=\"article:publisher\" content=\"https:\/\/www.facebook.com\/AlexMendozaAttorney\/\" \/>\n<meta property=\"article:modified_time\" content=\"2025-12-24T06:05:26+00:00\" \/>\n<meta property=\"og:image\" content=\"https:\/\/alexmendozalaw.com\/abogado\/wp-content\/uploads\/sites\/2\/2024\/04\/dark-logo-alex-mendoza.png\" \/>\n\t<meta property=\"og:image:width\" content=\"745\" \/>\n\t<meta property=\"og:image:height\" content=\"188\" \/>\n\t<meta property=\"og:image:type\" content=\"image\/png\" \/>\n<meta name=\"twitter:card\" content=\"summary_large_image\" \/>\n<meta name=\"twitter:label1\" content=\"Est. reading time\" \/>\n\t<meta name=\"twitter:data1\" content=\"8 minutes\" \/>\n<script type=\"application\/ld+json\" class=\"yoast-schema-graph\">{\"@context\":\"https:\\\/\\\/schema.org\",\"@graph\":[{\"@type\":\"WebPage\",\"@id\":\"https:\\\/\\\/alexmendozalaw.com\\\/abogado\\\/abogados-penalistas\\\/\",\"url\":\"https:\\\/\\\/alexmendozalaw.com\\\/abogado\\\/abogados-penalistas\\\/\",\"name\":\"Defensa Criminal | Abogado de Defensa Criminal\",\"isPartOf\":{\"@id\":\"https:\\\/\\\/alexmendozalaw.com\\\/abogado\\\/#website\"},\"primaryImageOfPage\":{\"@id\":\"https:\\\/\\\/alexmendozalaw.com\\\/abogado\\\/abogados-penalistas\\\/#primaryimage\"},\"image\":{\"@id\":\"https:\\\/\\\/alexmendozalaw.com\\\/abogado\\\/abogados-penalistas\\\/#primaryimage\"},\"thumbnailUrl\":\"https:\\\/\\\/alexmendozalaw.com\\\/abogado\\\/wp-content\\\/uploads\\\/sites\\\/2\\\/2024\\\/04\\\/dark-logo-alex-mendoza.png\",\"datePublished\":\"2024-03-24T04:51:53+00:00\",\"dateModified\":\"2025-12-24T06:05:26+00:00\",\"description\":\"Si tienes cargos penales y tienes la posibilidad de ir a prisi\u00f3n. Contacta a Alex Mendza Law hoy para obtener una consulta gratuita y proteger tus derechos.\",\"breadcrumb\":{\"@id\":\"https:\\\/\\\/alexmendozalaw.com\\\/abogado\\\/abogados-penalistas\\\/#breadcrumb\"},\"inLanguage\":\"en-US\",\"potentialAction\":[{\"@type\":\"ReadAction\",\"target\":[\"https:\\\/\\\/alexmendozalaw.com\\\/abogado\\\/abogados-penalistas\\\/\"]}]},{\"@type\":\"ImageObject\",\"inLanguage\":\"en-US\",\"@id\":\"https:\\\/\\\/alexmendozalaw.com\\\/abogado\\\/abogados-penalistas\\\/#primaryimage\",\"url\":\"https:\\\/\\\/alexmendozalaw.com\\\/abogado\\\/wp-content\\\/uploads\\\/sites\\\/2\\\/2024\\\/04\\\/dark-logo-alex-mendoza.png\",\"contentUrl\":\"https:\\\/\\\/alexmendozalaw.com\\\/abogado\\\/wp-content\\\/uploads\\\/sites\\\/2\\\/2024\\\/04\\\/dark-logo-alex-mendoza.png\",\"width\":745,\"height\":188,\"caption\":\"Alex-Mendoza Law Logo\"},{\"@type\":\"BreadcrumbList\",\"@id\":\"https:\\\/\\\/alexmendozalaw.com\\\/abogado\\\/abogados-penalistas\\\/#breadcrumb\",\"itemListElement\":[{\"@type\":\"ListItem\",\"position\":1,\"name\":\"Home\",\"item\":\"https:\\\/\\\/alexmendozalaw.com\\\/abogado\\\/\"},{\"@type\":\"ListItem\",\"position\":2,\"name\":\"Abogados Penalistas\"}]},{\"@type\":\"WebSite\",\"@id\":\"https:\\\/\\\/alexmendozalaw.com\\\/abogado\\\/#website\",\"url\":\"https:\\\/\\\/alexmendozalaw.com\\\/abogado\\\/\",\"name\":\"Alex Mendoza Spanish\",\"description\":\"\",\"potentialAction\":[{\"@type\":\"SearchAction\",\"target\":{\"@type\":\"EntryPoint\",\"urlTemplate\":\"https:\\\/\\\/alexmendozalaw.com\\\/abogado\\\/?s={search_term_string}\"},\"query-input\":{\"@type\":\"PropertyValueSpecification\",\"valueRequired\":true,\"valueName\":\"search_term_string\"}}],\"inLanguage\":\"en-US\"}]}<\/script>\n<!-- \/ Yoast SEO plugin. -->","yoast_head_json":{"title":"Defensa Criminal | Abogado de Defensa Criminal","description":"Si tienes cargos penales y tienes la posibilidad de ir a prisi\u00f3n. Contacta a Alex Mendza Law hoy para obtener una consulta gratuita y proteger tus derechos.","robots":{"index":"index","follow":"follow","max-snippet":"max-snippet:-1","max-image-preview":"max-image-preview:large","max-video-preview":"max-video-preview:-1"},"canonical":"https:\/\/alexmendozalaw.com\/abogado\/abogados-penalistas\/","og_locale":"en_US","og_type":"article","og_title":"Defensa Criminal | Abogado de Defensa Criminal","og_description":"Si tienes cargos penales y tienes la posibilidad de ir a prisi\u00f3n. Contacta a Alex Mendza Law hoy para obtener una consulta gratuita y proteger tus derechos.","og_url":"https:\/\/alexmendozalaw.com\/abogado\/abogados-penalistas\/","og_site_name":"Alex Mendoza Spanish","article_publisher":"https:\/\/www.facebook.com\/AlexMendozaAttorney\/","article_modified_time":"2025-12-24T06:05:26+00:00","og_image":[{"width":745,"height":188,"url":"https:\/\/alexmendozalaw.com\/abogado\/wp-content\/uploads\/sites\/2\/2024\/04\/dark-logo-alex-mendoza.png","type":"image\/png"}],"twitter_card":"summary_large_image","twitter_misc":{"Est. reading time":"8 minutes"},"schema":{"@context":"https:\/\/schema.org","@graph":[{"@type":"WebPage","@id":"https:\/\/alexmendozalaw.com\/abogado\/abogados-penalistas\/","url":"https:\/\/alexmendozalaw.com\/abogado\/abogados-penalistas\/","name":"Defensa Criminal | Abogado de Defensa Criminal","isPartOf":{"@id":"https:\/\/alexmendozalaw.com\/abogado\/#website"},"primaryImageOfPage":{"@id":"https:\/\/alexmendozalaw.com\/abogado\/abogados-penalistas\/#primaryimage"},"image":{"@id":"https:\/\/alexmendozalaw.com\/abogado\/abogados-penalistas\/#primaryimage"},"thumbnailUrl":"https:\/\/alexmendozalaw.com\/abogado\/wp-content\/uploads\/sites\/2\/2024\/04\/dark-logo-alex-mendoza.png","datePublished":"2024-03-24T04:51:53+00:00","dateModified":"2025-12-24T06:05:26+00:00","description":"Si tienes cargos penales y tienes la posibilidad de ir a prisi\u00f3n. Contacta a Alex Mendza Law hoy para obtener una consulta gratuita y proteger tus derechos.","breadcrumb":{"@id":"https:\/\/alexmendozalaw.com\/abogado\/abogados-penalistas\/#breadcrumb"},"inLanguage":"en-US","potentialAction":[{"@type":"ReadAction","target":["https:\/\/alexmendozalaw.com\/abogado\/abogados-penalistas\/"]}]},{"@type":"ImageObject","inLanguage":"en-US","@id":"https:\/\/alexmendozalaw.com\/abogado\/abogados-penalistas\/#primaryimage","url":"https:\/\/alexmendozalaw.com\/abogado\/wp-content\/uploads\/sites\/2\/2024\/04\/dark-logo-alex-mendoza.png","contentUrl":"https:\/\/alexmendozalaw.com\/abogado\/wp-content\/uploads\/sites\/2\/2024\/04\/dark-logo-alex-mendoza.png","width":745,"height":188,"caption":"Alex-Mendoza Law Logo"},{"@type":"BreadcrumbList","@id":"https:\/\/alexmendozalaw.com\/abogado\/abogados-penalistas\/#breadcrumb","itemListElement":[{"@type":"ListItem","position":1,"name":"Home","item":"https:\/\/alexmendozalaw.com\/abogado\/"},{"@type":"ListItem","position":2,"name":"Abogados Penalistas"}]},{"@type":"WebSite","@id":"https:\/\/alexmendozalaw.com\/abogado\/#website","url":"https:\/\/alexmendozalaw.com\/abogado\/","name":"Alex Mendoza Spanish","description":"","potentialAction":[{"@type":"SearchAction","target":{"@type":"EntryPoint","urlTemplate":"https:\/\/alexmendozalaw.com\/abogado\/?s={search_term_string}"},"query-input":{"@type":"PropertyValueSpecification","valueRequired":true,"valueName":"search_term_string"}}],"inLanguage":"en-US"}]}},"_links":{"self":[{"href":"https:\/\/alexmendozalaw.com\/abogado\/wp-json\/wp\/v2\/pages\/1542","targetHints":{"allow":["GET"]}}],"collection":[{"href":"https:\/\/alexmendozalaw.com\/abogado\/wp-json\/wp\/v2\/pages"}],"about":[{"href":"https:\/\/alexmendozalaw.com\/abogado\/wp-json\/wp\/v2\/types\/page"}],"author":[{"embeddable":true,"href":"https:\/\/alexmendozalaw.com\/abogado\/wp-json\/wp\/v2\/users\/12"}],"replies":[{"embeddable":true,"href":"https:\/\/alexmendozalaw.com\/abogado\/wp-json\/wp\/v2\/comments?post=1542"}],"version-history":[{"count":7,"href":"https:\/\/alexmendozalaw.com\/abogado\/wp-json\/wp\/v2\/pages\/1542\/revisions"}],"predecessor-version":[{"id":2305,"href":"https:\/\/alexmendozalaw.com\/abogado\/wp-json\/wp\/v2\/pages\/1542\/revisions\/2305"}],"wp:featuredmedia":[{"embeddable":true,"href":"https:\/\/alexmendozalaw.com\/abogado\/wp-json\/wp\/v2\/media\/2025"}],"wp:attachment":[{"href":"https:\/\/alexmendozalaw.com\/abogado\/wp-json\/wp\/v2\/media?parent=1542"}],"curies":[{"name":"wp","href":"https:\/\/api.w.org\/{rel}","templated":true}]}}