{"id":1412,"date":"2024-03-22T08:45:46","date_gmt":"2024-03-22T08:45:46","guid":{"rendered":"https:\/\/alexmendozalaw.com\/abogado\/?page_id=1412"},"modified":"2025-12-24T01:03:29","modified_gmt":"2025-12-24T06:03:29","slug":"ubicaciones","status":"publish","type":"page","link":"https:\/\/alexmendozalaw.com\/abogado\/ubicaciones\/","title":{"rendered":"Ubicaciones"},"content":{"rendered":"\r\n<p><img decoding=\"async\" title=\"Sep-M.png\" src=\"https:\/\/alexmendozalaw.com\/wp-content\/uploads\/2024\/02\/Sep-M.png.png\" alt=\"Sep-M.png\" width=\"130\" height=\"44\" \/><\/p>\r\n<h1>Oficina en Hammond especializa<\/h1>\r\n<p>La firma de abogados de lesiones personales Alex Mendoza Law est\u00e1 dedicada a tomar medidas contra individuos o corporaciones imprudentes que muestran una falta de cuidado ilegal por la seguridad y la salud de los dem\u00e1s. Tomamos su caso en serio. Es por eso que contratamos solo a los mejores abogados en Indiana e Illinois. Con m\u00e1s de 150 a\u00f1os de experiencia colectiva, nuestros abogados llevan los casos a juicio y los obligan a pagar por su negligencia, brind\u00e1ndole la justicia que usted o un ser querido merece.<\/p>\r\n<p><img decoding=\"async\" title=\"alex-mendoza-law\" src=\"https:\/\/alexmendozalaw.com\/wp-content\/uploads\/2024\/03\/alex-mendoza-law.jpg\" alt=\"alex-mendoza-law\" \/> <picture><source srcset=\"https:\/\/alexmendozalaw.com\/abogado\/wp-content\/uploads\/sites\/2\/2024\/03\/map123.webp \"  type=\"image\/webp\"><img src=\"https:\/\/alexmendozalaw.com\/abogado\/wp-content\/uploads\/sites\/2\/2024\/03\/map123.png\" class=\" sp-no-webp\" alt=\"map123\" decoding=\"async\" title=\"map123\"  > <\/picture><\/p>\r\n<h2><!--\r\n\t-->Luchamos por <!--\t--><!--\r\n\t--><\/h2>\r\n<p><img decoding=\"async\" title=\"Sep-M.png\" src=\"https:\/\/alexmendozalaw.com\/wp-content\/uploads\/2024\/02\/Sep-M.png.png\" alt=\"Sep-M.png\" \/><\/p>\r\n<p>Para nuestros clientes de lesiones personales en Illinois e Indiana. Si ha resultado herido debido a la negligencia o imprudencia de otra persona, estamos de su lado. Cuando las grandes compa\u00f1\u00edas de seguros dicen que sus lesiones no son tan graves, o incluso peor, que est\u00e1 fingiendo o exagerando, lo tomamos personalmente.<\/p>\r\n<h3>99% Juicios por Lesiones Ganados<\/h3>\r\n<p>Indiana Illinois Indiana<\/p>\r\n<h2>Indiana<\/h2>\r\n<p>De 2005 a 2014, 2.171 personas murieron en accidentes que involucraron a conductores ebrios en Indiana, y eso fue solo una parte de los 8.067 ocupantes de veh\u00edculos motorizados que en total murieron en Indiana. Los accidentes de tr\u00e1fico representan m\u00e1s de $1.5 mil millones en reclamos por lesiones y salarios perdidos cada a\u00f1o en Indiana. Si usted o un ser querido ha resultado herido en un accidente automovil\u00edstico en Indiana, nosotros le ayudaremos a obtener la m\u00e1xima compensaci\u00f3n por sus lesiones.<\/p>\r\n<h2>Estad\u00edsticas de accidentes de Indiana<\/h2>\r\n<p><picture><source srcset=\"https:\/\/alexmendozalaw.com\/abogado\/wp-content\/uploads\/sites\/2\/2024\/03\/Stats3.webp 1440w,https:\/\/alexmendozalaw.com\/abogado\/wp-content\/uploads\/sites\/2\/2024\/03\/Stats3-300x210.webp 300w,https:\/\/alexmendozalaw.com\/abogado\/wp-content\/uploads\/sites\/2\/2024\/03\/Stats3-1024x716.webp 1024w,https:\/\/alexmendozalaw.com\/abogado\/wp-content\/uploads\/sites\/2\/2024\/03\/Stats3-768x537.webp 768w\" sizes=\"(max-width: 1440px) 100vw, 1440px\" type=\"image\/webp\"><img src=\"https:\/\/alexmendozalaw.com\/abogado\/wp-content\/uploads\/sites\/2\/2024\/03\/Stats3.jpg\" height=\"1007\" width=\"1440\" srcset=\"https:\/\/alexmendozalaw.com\/abogado\/wp-content\/uploads\/sites\/2\/2024\/03\/Stats3.jpg 1440w, https:\/\/alexmendozalaw.com\/abogado\/wp-content\/uploads\/sites\/2\/2024\/03\/Stats3-300x210.jpg 300w, https:\/\/alexmendozalaw.com\/abogado\/wp-content\/uploads\/sites\/2\/2024\/03\/Stats3-1024x716.jpg 1024w, https:\/\/alexmendozalaw.com\/abogado\/wp-content\/uploads\/sites\/2\/2024\/03\/Stats3-768x537.jpg 768w\" sizes=\"(max-width: 1440px) 100vw, 1440px\" class=\" sp-no-webp\" alt=\"Stats3\" decoding=\"async\" title=\"Stats3\"  > <\/picture> <picture><source srcset=\"https:\/\/alexmendozalaw.com\/abogado\/wp-content\/uploads\/sites\/2\/2024\/03\/stats2-1.webp 1024w,https:\/\/alexmendozalaw.com\/abogado\/wp-content\/uploads\/sites\/2\/2024\/03\/stats2-1-300x300.webp 300w,https:\/\/alexmendozalaw.com\/abogado\/wp-content\/uploads\/sites\/2\/2024\/03\/stats2-1-150x150.webp 150w,https:\/\/alexmendozalaw.com\/abogado\/wp-content\/uploads\/sites\/2\/2024\/03\/stats2-1-768x769.webp 768w\" sizes=\"(max-width: 1024px) 100vw, 1024px\" type=\"image\/webp\"><img src=\"https:\/\/alexmendozalaw.com\/abogado\/wp-content\/uploads\/sites\/2\/2024\/03\/stats2-1.jpg\" height=\"1025\" width=\"1024\" srcset=\"https:\/\/alexmendozalaw.com\/abogado\/wp-content\/uploads\/sites\/2\/2024\/03\/stats2-1.jpg 1024w, https:\/\/alexmendozalaw.com\/abogado\/wp-content\/uploads\/sites\/2\/2024\/03\/stats2-1-300x300.jpg 300w, https:\/\/alexmendozalaw.com\/abogado\/wp-content\/uploads\/sites\/2\/2024\/03\/stats2-1-150x150.jpg 150w, https:\/\/alexmendozalaw.com\/abogado\/wp-content\/uploads\/sites\/2\/2024\/03\/stats2-1-768x769.jpg 768w\" sizes=\"(max-width: 1024px) 100vw, 1024px\" class=\" sp-no-webp\" alt=\"stats2 (1)\" decoding=\"async\" title=\"stats2 (1)\"  > <\/picture> Illinois<\/p>\r\n<h2>Illinois<\/h2>\r\n<p>En el 2017, hubo 311,679 accidentes que involucraron veh\u00edculos motorizados en Illinois. Las lesiones por accidentes de veh\u00edculos motorizados en Illinois representan aproximadamente entre $6 y $8 mil millones en p\u00e9rdidas de seguros por a\u00f1o. La reclamaci\u00f3n promedio por lesiones es de $87,299, llegando hasta $2 millones en lesiones fatales. En Alex Mendoza Law, conocemos las cifras, luchamos la buena batalla y obtenemos el m\u00e1ximo acuerdo para cada cliente. Si usted o un miembro de su familia est\u00e1 lesionado o sufriendo de dolor debilitante, lesiones cerebrales o de espalda traum\u00e1ticas, latigazo cervical o lesiones espinales u otras lesiones, ll\u00e1menos al <strong><a href=\"tel:+12192002000\">(219) 200-2000<\/a><\/strong>. Haremos que paguen por su negligencia.<\/p>\r\n<h2>Estad\u00edsticas de accidentes de Illinois<\/h2>\r\n<p><picture><source srcset=\"https:\/\/alexmendozalaw.com\/abogado\/wp-content\/uploads\/sites\/2\/2024\/03\/9-1-1.webp 1106w,https:\/\/alexmendozalaw.com\/abogado\/wp-content\/uploads\/sites\/2\/2024\/03\/9-1-1-300x203.webp 300w,https:\/\/alexmendozalaw.com\/abogado\/wp-content\/uploads\/sites\/2\/2024\/03\/9-1-1-1024x693.webp 1024w,https:\/\/alexmendozalaw.com\/abogado\/wp-content\/uploads\/sites\/2\/2024\/03\/9-1-1-768x520.webp 768w\" sizes=\"(max-width: 1106px) 100vw, 1106px\" type=\"image\/webp\"><img src=\"https:\/\/alexmendozalaw.com\/abogado\/wp-content\/uploads\/sites\/2\/2024\/03\/9-1-1.jpg\" height=\"749\" width=\"1106\" srcset=\"https:\/\/alexmendozalaw.com\/abogado\/wp-content\/uploads\/sites\/2\/2024\/03\/9-1-1.jpg 1106w, https:\/\/alexmendozalaw.com\/abogado\/wp-content\/uploads\/sites\/2\/2024\/03\/9-1-1-300x203.jpg 300w, https:\/\/alexmendozalaw.com\/abogado\/wp-content\/uploads\/sites\/2\/2024\/03\/9-1-1-1024x693.jpg 1024w, https:\/\/alexmendozalaw.com\/abogado\/wp-content\/uploads\/sites\/2\/2024\/03\/9-1-1-768x520.jpg 768w\" sizes=\"(max-width: 1106px) 100vw, 1106px\" class=\" sp-no-webp\" alt=\"9 (1) (1)\" decoding=\"async\" title=\"9 (1) (1)\"  > <\/picture> <picture><source srcset=\"https:\/\/alexmendozalaw.com\/abogado\/wp-content\/uploads\/sites\/2\/2024\/03\/8-1.translated-1.webp 918w,https:\/\/alexmendozalaw.com\/abogado\/wp-content\/uploads\/sites\/2\/2024\/03\/8-1.translated-1-300x245.webp 300w,https:\/\/alexmendozalaw.com\/abogado\/wp-content\/uploads\/sites\/2\/2024\/03\/8-1.translated-1-768x627.webp 768w\" sizes=\"(max-width: 918px) 100vw, 918px\" type=\"image\/webp\"><img src=\"https:\/\/alexmendozalaw.com\/abogado\/wp-content\/uploads\/sites\/2\/2024\/03\/8-1.translated-1.jpg\" height=\"749\" width=\"918\" srcset=\"https:\/\/alexmendozalaw.com\/abogado\/wp-content\/uploads\/sites\/2\/2024\/03\/8-1.translated-1.jpg 918w, https:\/\/alexmendozalaw.com\/abogado\/wp-content\/uploads\/sites\/2\/2024\/03\/8-1.translated-1-300x245.jpg 300w, https:\/\/alexmendozalaw.com\/abogado\/wp-content\/uploads\/sites\/2\/2024\/03\/8-1.translated-1-768x627.jpg 768w\" sizes=\"(max-width: 918px) 100vw, 918px\" class=\" sp-no-webp\" alt=\"8-1.translated (1)\" decoding=\"async\" title=\"8-1.translated (1)\"  > <\/picture><\/p>\r\n<h2>Luchemos juntos<\/h2>\r\n<p><a href=\"https:\/\/alexmendozalaw.com\/abogado\/contactanos-espanol\/\" target=\"_self\" rel=\"noopener\"> <img decoding=\"async\" src=\"https:\/\/alexmendozalaw.com\/wp-content\/uploads\/2024\/03\/Cert-Top-Rated.png\" alt=\"\" \/><\/a><\/p>\r\n<h3>Los m\u00e1s valorados<\/h3>\r\n<p><a href=\"https:\/\/alexmendozalaw.com\/abogado\/contactanos-espanol\/\" target=\"_self\" rel=\"noopener\"> <img decoding=\"async\" src=\"https:\/\/alexmendozalaw.com\/wp-content\/uploads\/2024\/02\/civil-right-1.png\" alt=\"\" \/><\/a><\/p>\r\n<h3>Garant\u00eda de \u00e9xito del caso<\/h3>\r\n<p><a href=\"https:\/\/alexmendozalaw.com\/abogado\/contactanos-espanol\/\" target=\"_self\" rel=\"noopener\"> <img decoding=\"async\" src=\"https:\/\/alexmendozalaw.com\/wp-content\/uploads\/2024\/03\/rely.png\" alt=\"\" \/><\/a><\/p>\r\n<h3>Confianza del cliente<\/h3>\r\n<p>&nbsp;<\/p>\r\n","protected":false},"excerpt":{"rendered":"<p>Oficina en Hammond especializa La firma de abogados de lesiones personales Alex Mendoza Law est\u00e1 dedicada a tomar medidas contra individuos o corporaciones imprudentes que muestran una falta de cuidado ilegal por la seguridad y la salud de los dem\u00e1s. Tomamos su caso en serio. Es por eso que contratamos solo a los mejores abogados&hellip;<\/p>\n","protected":false},"author":12,"featured_media":2025,"parent":0,"menu_order":0,"comment_status":"closed","ping_status":"closed","template":"","meta":{"footnotes":""},"class_list":["post-1412","page","type-page","status-publish","has-post-thumbnail","hentry"],"yoast_head":"<!-- This site is optimized with the Yoast SEO plugin v27.3 - https:\/\/yoast.com\/product\/yoast-seo-wordpress\/ -->\n<title>Cont\u00e1ctanos | Abogado de Lesiones Personales<\/title>\n<meta name=\"description\" content=\"Contacta la firma de Alex Mendoza para obtener abogados profesionales de lesiones personales y defensa criminal en Indian\u00e1polis, IN. Nuestros abogados trabajan exclusivamente con casos de lesiones personales.\" \/>\n<meta name=\"robots\" content=\"index, follow, max-snippet:-1, max-image-preview:large, max-video-preview:-1\" \/>\n<link rel=\"canonical\" href=\"https:\/\/alexmendozalaw.com\/abogado\/ubicaciones\/\" \/>\n<meta property=\"og:locale\" content=\"en_US\" \/>\n<meta property=\"og:type\" content=\"article\" \/>\n<meta property=\"og:title\" content=\"Cont\u00e1ctanos | Abogado de Lesiones Personales\" \/>\n<meta property=\"og:description\" content=\"Contacta la firma de Alex Mendoza para obtener abogados profesionales de lesiones personales y defensa criminal en Indian\u00e1polis, IN. Nuestros abogados trabajan exclusivamente con casos de lesiones personales.\" \/>\n<meta property=\"og:url\" content=\"https:\/\/alexmendozalaw.com\/abogado\/ubicaciones\/\" \/>\n<meta property=\"og:site_name\" content=\"Alex Mendoza Spanish\" \/>\n<meta property=\"article:publisher\" content=\"https:\/\/www.facebook.com\/AlexMendozaAttorney\/\" \/>\n<meta property=\"article:modified_time\" content=\"2025-12-24T06:03:29+00:00\" \/>\n<meta property=\"og:image\" content=\"https:\/\/alexmendozalaw.com\/abogado\/wp-content\/uploads\/sites\/2\/2024\/04\/dark-logo-alex-mendoza.png\" \/>\n\t<meta property=\"og:image:width\" content=\"745\" \/>\n\t<meta property=\"og:image:height\" content=\"188\" \/>\n\t<meta property=\"og:image:type\" content=\"image\/png\" \/>\n<meta name=\"twitter:card\" content=\"summary_large_image\" \/>\n<meta name=\"twitter:label1\" content=\"Est. reading time\" \/>\n\t<meta name=\"twitter:data1\" content=\"5 minutes\" \/>\n<script type=\"application\/ld+json\" class=\"yoast-schema-graph\">{\"@context\":\"https:\\\/\\\/schema.org\",\"@graph\":[{\"@type\":\"WebPage\",\"@id\":\"https:\\\/\\\/alexmendozalaw.com\\\/abogado\\\/ubicaciones\\\/\",\"url\":\"https:\\\/\\\/alexmendozalaw.com\\\/abogado\\\/ubicaciones\\\/\",\"name\":\"Cont\u00e1ctanos | Abogado de Lesiones Personales\",\"isPartOf\":{\"@id\":\"https:\\\/\\\/alexmendozalaw.com\\\/abogado\\\/#website\"},\"primaryImageOfPage\":{\"@id\":\"https:\\\/\\\/alexmendozalaw.com\\\/abogado\\\/ubicaciones\\\/#primaryimage\"},\"image\":{\"@id\":\"https:\\\/\\\/alexmendozalaw.com\\\/abogado\\\/ubicaciones\\\/#primaryimage\"},\"thumbnailUrl\":\"https:\\\/\\\/alexmendozalaw.com\\\/abogado\\\/wp-content\\\/uploads\\\/sites\\\/2\\\/2024\\\/04\\\/dark-logo-alex-mendoza.png\",\"datePublished\":\"2024-03-22T08:45:46+00:00\",\"dateModified\":\"2025-12-24T06:03:29+00:00\",\"description\":\"Contacta la firma de Alex Mendoza para obtener abogados profesionales de lesiones personales y defensa criminal en Indian\u00e1polis, IN. Nuestros abogados trabajan exclusivamente con casos de lesiones personales.\",\"breadcrumb\":{\"@id\":\"https:\\\/\\\/alexmendozalaw.com\\\/abogado\\\/ubicaciones\\\/#breadcrumb\"},\"inLanguage\":\"en-US\",\"potentialAction\":[{\"@type\":\"ReadAction\",\"target\":[\"https:\\\/\\\/alexmendozalaw.com\\\/abogado\\\/ubicaciones\\\/\"]}]},{\"@type\":\"ImageObject\",\"inLanguage\":\"en-US\",\"@id\":\"https:\\\/\\\/alexmendozalaw.com\\\/abogado\\\/ubicaciones\\\/#primaryimage\",\"url\":\"https:\\\/\\\/alexmendozalaw.com\\\/abogado\\\/wp-content\\\/uploads\\\/sites\\\/2\\\/2024\\\/04\\\/dark-logo-alex-mendoza.png\",\"contentUrl\":\"https:\\\/\\\/alexmendozalaw.com\\\/abogado\\\/wp-content\\\/uploads\\\/sites\\\/2\\\/2024\\\/04\\\/dark-logo-alex-mendoza.png\",\"width\":745,\"height\":188,\"caption\":\"Alex-Mendoza Law Logo\"},{\"@type\":\"BreadcrumbList\",\"@id\":\"https:\\\/\\\/alexmendozalaw.com\\\/abogado\\\/ubicaciones\\\/#breadcrumb\",\"itemListElement\":[{\"@type\":\"ListItem\",\"position\":1,\"name\":\"Home\",\"item\":\"https:\\\/\\\/alexmendozalaw.com\\\/abogado\\\/\"},{\"@type\":\"ListItem\",\"position\":2,\"name\":\"Ubicaciones\"}]},{\"@type\":\"WebSite\",\"@id\":\"https:\\\/\\\/alexmendozalaw.com\\\/abogado\\\/#website\",\"url\":\"https:\\\/\\\/alexmendozalaw.com\\\/abogado\\\/\",\"name\":\"Alex Mendoza Spanish\",\"description\":\"\",\"potentialAction\":[{\"@type\":\"SearchAction\",\"target\":{\"@type\":\"EntryPoint\",\"urlTemplate\":\"https:\\\/\\\/alexmendozalaw.com\\\/abogado\\\/?s={search_term_string}\"},\"query-input\":{\"@type\":\"PropertyValueSpecification\",\"valueRequired\":true,\"valueName\":\"search_term_string\"}}],\"inLanguage\":\"en-US\"}]}<\/script>\n<!-- \/ Yoast SEO plugin. -->","yoast_head_json":{"title":"Cont\u00e1ctanos | Abogado de Lesiones Personales","description":"Contacta la firma de Alex Mendoza para obtener abogados profesionales de lesiones personales y defensa criminal en Indian\u00e1polis, IN. Nuestros abogados trabajan exclusivamente con casos de lesiones personales.","robots":{"index":"index","follow":"follow","max-snippet":"max-snippet:-1","max-image-preview":"max-image-preview:large","max-video-preview":"max-video-preview:-1"},"canonical":"https:\/\/alexmendozalaw.com\/abogado\/ubicaciones\/","og_locale":"en_US","og_type":"article","og_title":"Cont\u00e1ctanos | Abogado de Lesiones Personales","og_description":"Contacta la firma de Alex Mendoza para obtener abogados profesionales de lesiones personales y defensa criminal en Indian\u00e1polis, IN. Nuestros abogados trabajan exclusivamente con casos de lesiones personales.","og_url":"https:\/\/alexmendozalaw.com\/abogado\/ubicaciones\/","og_site_name":"Alex Mendoza Spanish","article_publisher":"https:\/\/www.facebook.com\/AlexMendozaAttorney\/","article_modified_time":"2025-12-24T06:03:29+00:00","og_image":[{"width":745,"height":188,"url":"https:\/\/alexmendozalaw.com\/abogado\/wp-content\/uploads\/sites\/2\/2024\/04\/dark-logo-alex-mendoza.png","type":"image\/png"}],"twitter_card":"summary_large_image","twitter_misc":{"Est. reading time":"5 minutes"},"schema":{"@context":"https:\/\/schema.org","@graph":[{"@type":"WebPage","@id":"https:\/\/alexmendozalaw.com\/abogado\/ubicaciones\/","url":"https:\/\/alexmendozalaw.com\/abogado\/ubicaciones\/","name":"Cont\u00e1ctanos | Abogado de Lesiones Personales","isPartOf":{"@id":"https:\/\/alexmendozalaw.com\/abogado\/#website"},"primaryImageOfPage":{"@id":"https:\/\/alexmendozalaw.com\/abogado\/ubicaciones\/#primaryimage"},"image":{"@id":"https:\/\/alexmendozalaw.com\/abogado\/ubicaciones\/#primaryimage"},"thumbnailUrl":"https:\/\/alexmendozalaw.com\/abogado\/wp-content\/uploads\/sites\/2\/2024\/04\/dark-logo-alex-mendoza.png","datePublished":"2024-03-22T08:45:46+00:00","dateModified":"2025-12-24T06:03:29+00:00","description":"Contacta la firma de Alex Mendoza para obtener abogados profesionales de lesiones personales y defensa criminal en Indian\u00e1polis, IN. Nuestros abogados trabajan exclusivamente con casos de lesiones personales.","breadcrumb":{"@id":"https:\/\/alexmendozalaw.com\/abogado\/ubicaciones\/#breadcrumb"},"inLanguage":"en-US","potentialAction":[{"@type":"ReadAction","target":["https:\/\/alexmendozalaw.com\/abogado\/ubicaciones\/"]}]},{"@type":"ImageObject","inLanguage":"en-US","@id":"https:\/\/alexmendozalaw.com\/abogado\/ubicaciones\/#primaryimage","url":"https:\/\/alexmendozalaw.com\/abogado\/wp-content\/uploads\/sites\/2\/2024\/04\/dark-logo-alex-mendoza.png","contentUrl":"https:\/\/alexmendozalaw.com\/abogado\/wp-content\/uploads\/sites\/2\/2024\/04\/dark-logo-alex-mendoza.png","width":745,"height":188,"caption":"Alex-Mendoza Law Logo"},{"@type":"BreadcrumbList","@id":"https:\/\/alexmendozalaw.com\/abogado\/ubicaciones\/#breadcrumb","itemListElement":[{"@type":"ListItem","position":1,"name":"Home","item":"https:\/\/alexmendozalaw.com\/abogado\/"},{"@type":"ListItem","position":2,"name":"Ubicaciones"}]},{"@type":"WebSite","@id":"https:\/\/alexmendozalaw.com\/abogado\/#website","url":"https:\/\/alexmendozalaw.com\/abogado\/","name":"Alex Mendoza Spanish","description":"","potentialAction":[{"@type":"SearchAction","target":{"@type":"EntryPoint","urlTemplate":"https:\/\/alexmendozalaw.com\/abogado\/?s={search_term_string}"},"query-input":{"@type":"PropertyValueSpecification","valueRequired":true,"valueName":"search_term_string"}}],"inLanguage":"en-US"}]}},"_links":{"self":[{"href":"https:\/\/alexmendozalaw.com\/abogado\/wp-json\/wp\/v2\/pages\/1412","targetHints":{"allow":["GET"]}}],"collection":[{"href":"https:\/\/alexmendozalaw.com\/abogado\/wp-json\/wp\/v2\/pages"}],"about":[{"href":"https:\/\/alexmendozalaw.com\/abogado\/wp-json\/wp\/v2\/types\/page"}],"author":[{"embeddable":true,"href":"https:\/\/alexmendozalaw.com\/abogado\/wp-json\/wp\/v2\/users\/12"}],"replies":[{"embeddable":true,"href":"https:\/\/alexmendozalaw.com\/abogado\/wp-json\/wp\/v2\/comments?post=1412"}],"version-history":[{"count":5,"href":"https:\/\/alexmendozalaw.com\/abogado\/wp-json\/wp\/v2\/pages\/1412\/revisions"}],"predecessor-version":[{"id":2061,"href":"https:\/\/alexmendozalaw.com\/abogado\/wp-json\/wp\/v2\/pages\/1412\/revisions\/2061"}],"wp:featuredmedia":[{"embeddable":true,"href":"https:\/\/alexmendozalaw.com\/abogado\/wp-json\/wp\/v2\/media\/2025"}],"wp:attachment":[{"href":"https:\/\/alexmendozalaw.com\/abogado\/wp-json\/wp\/v2\/media?parent=1412"}],"curies":[{"name":"wp","href":"https:\/\/api.w.org\/{rel}","templated":true}]}}